{"id":10787,"date":"2024-03-08T19:40:06","date_gmt":"2024-03-08T19:40:06","guid":{"rendered":"https:\/\/www.guestplan.com\/uber-uns\/"},"modified":"2026-04-28T12:34:56","modified_gmt":"2026-04-28T12:34:56","slug":"uber-uns","status":"publish","type":"page","link":"https:\/\/www.guestplan.com\/de\/uber-uns\/","title":{"rendered":"\u00dcber uns"},"content":{"rendered":"\t\t<div data-elementor-type=\"wp-page\" data-elementor-id=\"10787\" class=\"elementor elementor-10787 elementor-2316\" data-elementor-settings=\"{&quot;element_pack_global_tooltip_width&quot;:{&quot;unit&quot;:&quot;px&quot;,&quot;size&quot;:&quot;&quot;,&quot;sizes&quot;:[]},&quot;element_pack_global_tooltip_width_tablet&quot;:{&quot;unit&quot;:&quot;px&quot;,&quot;size&quot;:&quot;&quot;,&quot;sizes&quot;:[]},&quot;element_pack_global_tooltip_width_mobile&quot;:{&quot;unit&quot;:&quot;px&quot;,&quot;size&quot;:&quot;&quot;,&quot;sizes&quot;:[]},&quot;element_pack_global_tooltip_padding&quot;:{&quot;unit&quot;:&quot;px&quot;,&quot;top&quot;:&quot;&quot;,&quot;right&quot;:&quot;&quot;,&quot;bottom&quot;:&quot;&quot;,&quot;left&quot;:&quot;&quot;,&quot;isLinked&quot;:true},&quot;element_pack_global_tooltip_padding_tablet&quot;:{&quot;unit&quot;:&quot;px&quot;,&quot;top&quot;:&quot;&quot;,&quot;right&quot;:&quot;&quot;,&quot;bottom&quot;:&quot;&quot;,&quot;left&quot;:&quot;&quot;,&quot;isLinked&quot;:true},&quot;element_pack_global_tooltip_padding_mobile&quot;:{&quot;unit&quot;:&quot;px&quot;,&quot;top&quot;:&quot;&quot;,&quot;right&quot;:&quot;&quot;,&quot;bottom&quot;:&quot;&quot;,&quot;left&quot;:&quot;&quot;,&quot;isLinked&quot;:true},&quot;element_pack_global_tooltip_border_radius&quot;:{&quot;unit&quot;:&quot;px&quot;,&quot;top&quot;:&quot;&quot;,&quot;right&quot;:&quot;&quot;,&quot;bottom&quot;:&quot;&quot;,&quot;left&quot;:&quot;&quot;,&quot;isLinked&quot;:true},&quot;element_pack_global_tooltip_border_radius_tablet&quot;:{&quot;unit&quot;:&quot;px&quot;,&quot;top&quot;:&quot;&quot;,&quot;right&quot;:&quot;&quot;,&quot;bottom&quot;:&quot;&quot;,&quot;left&quot;:&quot;&quot;,&quot;isLinked&quot;:true},&quot;element_pack_global_tooltip_border_radius_mobile&quot;:{&quot;unit&quot;:&quot;px&quot;,&quot;top&quot;:&quot;&quot;,&quot;right&quot;:&quot;&quot;,&quot;bottom&quot;:&quot;&quot;,&quot;left&quot;:&quot;&quot;,&quot;isLinked&quot;:true}}\" data-elementor-post-type=\"page\">\n\t\t\t\t<div class=\"elementor-element elementor-element-dc0b644 e-flex e-con-boxed e-con e-parent\" data-id=\"dc0b644\" data-element_type=\"container\">\n\t\t\t\t\t<div class=\"e-con-inner\">\n\t\t\t\t<div class=\"elementor-element elementor-element-9007161 elementor-widget elementor-widget-highlighted-text\" data-id=\"9007161\" data-element_type=\"widget\" data-settings=\"{&quot;_animation&quot;:&quot;none&quot;,&quot;_animation_delay&quot;:300}\" data-widget_type=\"highlighted-text.default\">\n\t\t\t\t<div class=\"elementor-widget-container\">\n\t\t\t\t\t        <h1 class=\"ui-e--highlighted-text\">\n            <span class=\"ui-e-headline-text elementor-repeater-item-ae0eef1\">Unsere<\/span><span class=\"ui-e-headline-text elementor-repeater-item-fabae50 ui-e-headline-color\">\n\t\t\t\t\t\t\t\t\t<span class=\"whitespace\"><\/span>\n                                    <span>\n                                        <span class=\"ui-e-headline-text ui-e-headline-highlighted\">Reise<\/span><span class=\"uicore-svg-wrapper\"><svg xmlns=\"http:\/\/www.w3.org\/2000\/svg\" viewBox=\"0 0 500 150\" preserveAspectRatio=\"none\"><\/svg><\/span><\/span> <span class=\"whitespace\"> <\/span><\/span>        <\/h1>\n    \t\t\t\t<\/div>\n\t\t\t\t<\/div>\n\t\t\t\t<div class=\"elementor-element elementor-element-91233d3 elementor-widget elementor-widget-text-editor\" data-id=\"91233d3\" data-element_type=\"widget\" data-widget_type=\"text-editor.default\">\n\t\t\t\t<div class=\"elementor-widget-container\">\n\t\t\t\t\t\t\t\t\t<div><div>Begeben Sie sich auf eine Reise mit Guestplan, wo Tradition und Innovation aufeinander treffen. Seit fast zwei Jahrzehnten ist unser Team unerm\u00fcdlich damit besch\u00e4ftigt, Restaurant-Reservierungssysteme zu verbessern und neu zu definieren. In einer Branche, die von Ver\u00e4nderungen und Unsicherheiten gepr\u00e4gt ist, stehen wir f\u00fcr Zuverl\u00e4ssigkeit und Vertrauen, basierend auf unserem unerm\u00fcdlichen Einsatz f\u00fcr unsere Kunden.  <\/div><br><div>Im Gegensatz zu vielen anderen lassen wir uns nicht von den Winden des Risikokapitals treiben. Unsere Wurzeln reichen tief, unser Engagement ist unersch\u00fctterlich. Wir sind f\u00fcr die Langstrecke da und bieten eine sichere, solide und solide Wahl f\u00fcr die Bed\u00fcrfnisse Ihres Restaurants. Mit uns entscheiden Sie sich nicht nur f\u00fcr eine Dienstleistung, sondern f\u00fcr einen Partner f\u00fcr die Reise, die vor Ihnen liegt.   <\/div><br><div>Mit jeder Zeile Code, die wir schreiben, jeder Funktion, die wir entwickeln, und jeder Supportanfrage, die wir bearbeiten, ist unsere Mission klar: Restaurants wie das Ihre zu bef\u00e4higen, in einem wettbewerbsintensiven Markt zu gedeihen. Bei Guestplan sind wir mehr als nur ein Technologieanbieter; wir sind eine Gemeinschaft leidenschaftlicher Individuen, die Ihrem Erfolg verpflichtet sind. <\/div><\/div>\t\t\t\t\t\t\t\t<\/div>\n\t\t\t\t<\/div>\n\t\t\t\t<div class=\"elementor-element elementor-element-32619e6 elementor-widget elementor-widget-heading\" data-id=\"32619e6\" data-element_type=\"widget\" data-widget_type=\"heading.default\">\n\t\t\t\t<div class=\"elementor-widget-container\">\n\t\t\t\t\t<h2 class=\"elementor-heading-title elementor-size-default\">Botschaft des Gr\u00fcnders<\/h2>\t\t\t\t<\/div>\n\t\t\t\t<\/div>\n\t\t\t\t<div class=\"elementor-element elementor-element-dba2daf elementor-widget elementor-widget-text-editor\" data-id=\"dba2daf\" data-element_type=\"widget\" data-widget_type=\"text-editor.default\">\n\t\t\t\t<div class=\"elementor-widget-container\">\n\t\t\t\t\t\t\t\t\t<p>Und als Gr\u00fcnder von Guestplan m\u00f6chte ich Sie herzlich einladen, sich uns auf dieser Reise anzuschlie\u00dfen. Unser Streben nach Exzellenz, unsere tiefgreifende Erfahrung und unser unersch\u00fctterliches Engagement f\u00fcr Ihren Erfolg sind nicht nur Worte \u2013 sie bilden das Fundament, auf dem Guestplan errichtet wurde. Lassen Sie uns gemeinsam die Zukunft des Restaurantmanagements mit Zuversicht und Klarheit gestalten.  <\/p>\t\t\t\t\t\t\t\t<\/div>\n\t\t\t\t<\/div>\n\t\t\t\t<div class=\"elementor-element elementor-element-0ee0ba2 elementor-widget elementor-widget-text-editor\" data-id=\"0ee0ba2\" data-element_type=\"widget\" data-widget_type=\"text-editor.default\">\n\t\t\t\t<div class=\"elementor-widget-container\">\n\t\t\t\t\t\t\t\t\t<p>Bas van &#8218;t Wout &#8211; Gr\u00fcnder<\/p>\t\t\t\t\t\t\t\t<\/div>\n\t\t\t\t<\/div>\n\t\t\t\t<div class=\"elementor-element elementor-element-b1ca6ef elementor-widget elementor-widget-image\" data-id=\"b1ca6ef\" data-element_type=\"widget\" data-widget_type=\"image.default\">\n\t\t\t\t<div class=\"elementor-widget-container\">\n\t\t\t\t\t\t\t\t\t\t\t\t\t\t\t<img fetchpriority=\"high\" decoding=\"async\" width=\"555\" height=\"212\" src=\"https:\/\/www.guestplan.com\/wp-content\/uploads\/2024\/05\/bas-signature.png\" class=\"attachment-large size-large wp-image-10788\" alt=\"\" srcset=\"https:\/\/www.guestplan.com\/wp-content\/uploads\/2024\/05\/bas-signature.png 555w, https:\/\/www.guestplan.com\/wp-content\/uploads\/2024\/05\/bas-signature-300x115.png 300w\" sizes=\"(max-width: 555px) 100vw, 555px\" \/>\t\t\t\t\t\t\t\t\t\t\t\t\t\t\t<\/div>\n\t\t\t\t<\/div>\n\t\t\t\t\t<\/div>\n\t\t\t\t<\/div>\n\t\t\t\t<\/div>\n\t\t","protected":false},"excerpt":{"rendered":"<p>Unsere Reise Begeben Sie sich auf eine Reise mit Guestplan, wo Tradition und Innovation aufeinander treffen. Seit fast zwei Jahrzehnten ist unser [&hellip;]<\/p>\n","protected":false},"author":1,"featured_media":0,"parent":0,"menu_order":0,"comment_status":"closed","ping_status":"closed","template":"elementor_header_footer","meta":{"inline_featured_image":false,"footnotes":""},"class_list":["post-10787","page","type-page","status-publish","hentry"],"_links":{"self":[{"href":"https:\/\/www.guestplan.com\/de\/wp-json\/wp\/v2\/pages\/10787","targetHints":{"allow":["GET"]}}],"collection":[{"href":"https:\/\/www.guestplan.com\/de\/wp-json\/wp\/v2\/pages"}],"about":[{"href":"https:\/\/www.guestplan.com\/de\/wp-json\/wp\/v2\/types\/page"}],"author":[{"embeddable":true,"href":"https:\/\/www.guestplan.com\/de\/wp-json\/wp\/v2\/users\/1"}],"replies":[{"embeddable":true,"href":"https:\/\/www.guestplan.com\/de\/wp-json\/wp\/v2\/comments?post=10787"}],"version-history":[{"count":2,"href":"https:\/\/www.guestplan.com\/de\/wp-json\/wp\/v2\/pages\/10787\/revisions"}],"predecessor-version":[{"id":11043,"href":"https:\/\/www.guestplan.com\/de\/wp-json\/wp\/v2\/pages\/10787\/revisions\/11043"}],"wp:attachment":[{"href":"https:\/\/www.guestplan.com\/de\/wp-json\/wp\/v2\/media?parent=10787"}],"curies":[{"name":"wp","href":"https:\/\/api.w.org\/{rel}","templated":true}]}}