{"id":9219,"date":"2024-03-08T19:40:06","date_gmt":"2024-03-08T19:40:06","guid":{"rendered":"https:\/\/www.guestplan.com\/o-nas\/"},"modified":"2026-05-15T18:20:06","modified_gmt":"2026-05-15T18:20:06","slug":"o-nas","status":"publish","type":"page","link":"https:\/\/www.guestplan.com\/sk\/o-nas\/","title":{"rendered":"O n\u00e1s"},"content":{"rendered":"\t\t<div data-elementor-type=\"wp-page\" data-elementor-id=\"9219\" class=\"elementor elementor-9219 elementor-2316\" data-elementor-settings=\"{&quot;element_pack_global_tooltip_width&quot;:{&quot;unit&quot;:&quot;px&quot;,&quot;size&quot;:&quot;&quot;,&quot;sizes&quot;:[]},&quot;element_pack_global_tooltip_width_tablet&quot;:{&quot;unit&quot;:&quot;px&quot;,&quot;size&quot;:&quot;&quot;,&quot;sizes&quot;:[]},&quot;element_pack_global_tooltip_width_mobile&quot;:{&quot;unit&quot;:&quot;px&quot;,&quot;size&quot;:&quot;&quot;,&quot;sizes&quot;:[]},&quot;element_pack_global_tooltip_padding&quot;:{&quot;unit&quot;:&quot;px&quot;,&quot;top&quot;:&quot;&quot;,&quot;right&quot;:&quot;&quot;,&quot;bottom&quot;:&quot;&quot;,&quot;left&quot;:&quot;&quot;,&quot;isLinked&quot;:true},&quot;element_pack_global_tooltip_padding_tablet&quot;:{&quot;unit&quot;:&quot;px&quot;,&quot;top&quot;:&quot;&quot;,&quot;right&quot;:&quot;&quot;,&quot;bottom&quot;:&quot;&quot;,&quot;left&quot;:&quot;&quot;,&quot;isLinked&quot;:true},&quot;element_pack_global_tooltip_padding_mobile&quot;:{&quot;unit&quot;:&quot;px&quot;,&quot;top&quot;:&quot;&quot;,&quot;right&quot;:&quot;&quot;,&quot;bottom&quot;:&quot;&quot;,&quot;left&quot;:&quot;&quot;,&quot;isLinked&quot;:true},&quot;element_pack_global_tooltip_border_radius&quot;:{&quot;unit&quot;:&quot;px&quot;,&quot;top&quot;:&quot;&quot;,&quot;right&quot;:&quot;&quot;,&quot;bottom&quot;:&quot;&quot;,&quot;left&quot;:&quot;&quot;,&quot;isLinked&quot;:true},&quot;element_pack_global_tooltip_border_radius_tablet&quot;:{&quot;unit&quot;:&quot;px&quot;,&quot;top&quot;:&quot;&quot;,&quot;right&quot;:&quot;&quot;,&quot;bottom&quot;:&quot;&quot;,&quot;left&quot;:&quot;&quot;,&quot;isLinked&quot;:true},&quot;element_pack_global_tooltip_border_radius_mobile&quot;:{&quot;unit&quot;:&quot;px&quot;,&quot;top&quot;:&quot;&quot;,&quot;right&quot;:&quot;&quot;,&quot;bottom&quot;:&quot;&quot;,&quot;left&quot;:&quot;&quot;,&quot;isLinked&quot;:true}}\" data-elementor-post-type=\"page\">\n\t\t\t\t<div class=\"elementor-element elementor-element-dc0b644 e-flex e-con-boxed e-con e-parent\" data-id=\"dc0b644\" data-element_type=\"container\">\n\t\t\t\t\t<div class=\"e-con-inner\">\n\t\t\t\t<div class=\"elementor-element elementor-element-9007161 elementor-widget elementor-widget-highlighted-text\" data-id=\"9007161\" data-element_type=\"widget\" data-settings=\"{&quot;_animation&quot;:&quot;none&quot;,&quot;_animation_delay&quot;:300}\" data-widget_type=\"highlighted-text.default\">\n\t\t\t\t<div class=\"elementor-widget-container\">\n\t\t\t\t\t        <h1 class=\"ui-e--highlighted-text\">\n            <span class=\"ui-e-headline-text elementor-repeater-item-ae0eef1\">Na\u0161a<\/span><span class=\"ui-e-headline-text elementor-repeater-item-fabae50 ui-e-headline-color\">\n\t\t\t\t\t\t\t\t\t<span class=\"whitespace\"><\/span>\n                                    <span>\n                                        <span class=\"ui-e-headline-text ui-e-headline-highlighted\">cesta<\/span><span class=\"uicore-svg-wrapper\"><svg xmlns=\"http:\/\/www.w3.org\/2000\/svg\" viewBox=\"0 0 500 150\" preserveAspectRatio=\"none\"><\/svg><\/span><\/span> <span class=\"whitespace\"> <\/span><\/span>        <\/h1>\n    \t\t\t\t<\/div>\n\t\t\t\t<\/div>\n\t\t\t\t<div class=\"elementor-element elementor-element-91233d3 elementor-widget elementor-widget-text-editor\" data-id=\"91233d3\" data-element_type=\"widget\" data-widget_type=\"text-editor.default\">\n\t\t\t\t<div class=\"elementor-widget-container\">\n\t\t\t\t\t\t\t\t\t<div><div>Vydajte sa na cestu s Guestplanom, kde sa trad\u00edcia stret\u00e1va s najmodernej\u0161\u00edmi inov\u00e1ciami. U\u017e takmer dve desa\u0165ro\u010dia sa n\u00e1\u0161 t\u00edm ne\u00fanavne venuje zdokona\u013eovaniu syst\u00e9mov na spr\u00e1vu rezerv\u00e1ci\u00ed v gastron\u00f3mii. V odvetv\u00ed plnom zmien a neistoty sme stabiln\u00fdm maj\u00e1kom spo\u013eahlivosti a d\u00f4very, postaven\u00fdm na neochvejnej oddanosti na\u0161im z\u00e1kazn\u00edkom.  <\/div><br><div>Na rozdiel od mnoh\u00fdch in\u00fdch n\u00e1s neovl\u00e1daj\u00fa investori. Na\u0161e korene s\u00fa hlbok\u00e9, na\u0161e odhodlanie neochvejn\u00e9. Ideme beh na dlh\u00fa tra\u0165, aby sme v\u00e1m poskytli bezpe\u010dn\u00e9 a spo\u013eahliv\u00e9 rie\u0161enie pre potreby v\u00e1\u0161ho podniku. S Guestplanom si nevyber\u00e1te len slu\u017ebu \u2013 vol\u00edte si spo\u013eahliv\u00e9ho partnera na cestu pred vami.   <\/div><br><div>Ka\u017ed\u00fdm riadkom k\u00f3du, ka\u017edou novou funkciou a ka\u017edou vybavenou po\u017eiadavkou z\u00e1kazn\u00edckej podpory pln\u00edme na\u0161e poslanie: pom\u00e1ha\u0165 re\u0161taur\u00e1ci\u00e1m ako t\u00e1 va\u0161a uspie\u0165 na konkuren\u010dnom trhu. Guestplan nie je len poskytovate\u013e technol\u00f3gie \u2013 sme komunita zanieten\u00fdch \u013eud\u00ed oddan\u00fdch v\u00e1\u0161mu \u00faspechu. <\/div><\/div>\t\t\t\t\t\t\t\t<\/div>\n\t\t\t\t<\/div>\n\t\t\t\t<div class=\"elementor-element elementor-element-32619e6 elementor-widget elementor-widget-heading\" data-id=\"32619e6\" data-element_type=\"widget\" data-widget_type=\"heading.default\">\n\t\t\t\t<div class=\"elementor-widget-container\">\n\t\t\t\t\t<h2 class=\"elementor-heading-title elementor-size-default\">P\u00e1r slov od zakladate\u013ea<\/h2>\t\t\t\t<\/div>\n\t\t\t\t<\/div>\n\t\t\t\t<div class=\"elementor-element elementor-element-dba2daf elementor-widget elementor-widget-text-editor\" data-id=\"dba2daf\" data-element_type=\"widget\" data-widget_type=\"text-editor.default\">\n\t\t\t\t<div class=\"elementor-widget-container\">\n\t\t\t\t\t\t\t\t\t<p>Ako zakladate\u013e Guestplanu v\u00e1s srde\u010dne poz\u00fdvam pripoji\u0165 sa k na\u0161ej ceste. Na\u0161a oddanos\u0165 kvalite, na\u0161e dlhoro\u010dn\u00e9 sk\u00fasenosti a neochvejn\u00e9 zameranie na v\u00e1\u0161 \u00faspech nie s\u00fa len pr\u00e1zdne slov\u00e1 \u2013 s\u00fa z\u00e1kladom, na ktorom sme Guestplan vybudovali. Po\u010fme spolo\u010dne s d\u00f4verou a jasnou v\u00edziou formova\u0165 bud\u00facnos\u0165 riadenia re\u0161taur\u00e1ci\u00ed.  <\/p>\t\t\t\t\t\t\t\t<\/div>\n\t\t\t\t<\/div>\n\t\t\t\t<div class=\"elementor-element elementor-element-0ee0ba2 elementor-widget elementor-widget-text-editor\" data-id=\"0ee0ba2\" data-element_type=\"widget\" data-widget_type=\"text-editor.default\">\n\t\t\t\t<div class=\"elementor-widget-container\">\n\t\t\t\t\t\t\t\t\t<p>Bas van &#8218;t Wout &#8211; Founder<\/p>\t\t\t\t\t\t\t\t<\/div>\n\t\t\t\t<\/div>\n\t\t\t\t<div class=\"elementor-element elementor-element-b1ca6ef elementor-widget elementor-widget-image\" data-id=\"b1ca6ef\" data-element_type=\"widget\" data-widget_type=\"image.default\">\n\t\t\t\t<div class=\"elementor-widget-container\">\n\t\t\t\t\t\t\t\t\t\t\t\t\t\t\t<img fetchpriority=\"high\" decoding=\"async\" width=\"555\" height=\"212\" src=\"https:\/\/www.guestplan.com\/wp-content\/uploads\/2024\/05\/bas-signature.png\" class=\"attachment-large size-large wp-image-9220\" alt=\"\" srcset=\"https:\/\/www.guestplan.com\/wp-content\/uploads\/2024\/05\/bas-signature.png 555w, https:\/\/www.guestplan.com\/wp-content\/uploads\/2024\/05\/bas-signature-300x115.png 300w\" sizes=\"(max-width: 555px) 100vw, 555px\" \/>\t\t\t\t\t\t\t\t\t\t\t\t\t\t\t<\/div>\n\t\t\t\t<\/div>\n\t\t\t\t\t<\/div>\n\t\t\t\t<\/div>\n\t\t\t\t<\/div>\n\t\t","protected":false},"excerpt":{"rendered":"<p>Na\u0161a cesta Vydajte sa na cestu s Guestplanom, kde sa trad\u00edcia stret\u00e1va s najmodernej\u0161\u00edmi inov\u00e1ciami. U\u017e takmer dve desa\u0165ro\u010dia sa n\u00e1\u0161 t\u00edm [&hellip;]<\/p>\n","protected":false},"author":1,"featured_media":0,"parent":0,"menu_order":0,"comment_status":"closed","ping_status":"closed","template":"elementor_header_footer","meta":{"inline_featured_image":false,"footnotes":""},"class_list":["post-9219","page","type-page","status-publish","hentry"],"_links":{"self":[{"href":"https:\/\/www.guestplan.com\/sk\/wp-json\/wp\/v2\/pages\/9219","targetHints":{"allow":["GET"]}}],"collection":[{"href":"https:\/\/www.guestplan.com\/sk\/wp-json\/wp\/v2\/pages"}],"about":[{"href":"https:\/\/www.guestplan.com\/sk\/wp-json\/wp\/v2\/types\/page"}],"author":[{"embeddable":true,"href":"https:\/\/www.guestplan.com\/sk\/wp-json\/wp\/v2\/users\/1"}],"replies":[{"embeddable":true,"href":"https:\/\/www.guestplan.com\/sk\/wp-json\/wp\/v2\/comments?post=9219"}],"version-history":[{"count":4,"href":"https:\/\/www.guestplan.com\/sk\/wp-json\/wp\/v2\/pages\/9219\/revisions"}],"predecessor-version":[{"id":9450,"href":"https:\/\/www.guestplan.com\/sk\/wp-json\/wp\/v2\/pages\/9219\/revisions\/9450"}],"wp:attachment":[{"href":"https:\/\/www.guestplan.com\/sk\/wp-json\/wp\/v2\/media?parent=9219"}],"curies":[{"name":"wp","href":"https:\/\/api.w.org\/{rel}","templated":true}]}}