{"id":9226,"date":"2024-03-11T08:42:49","date_gmt":"2024-03-11T08:42:49","guid":{"rendered":"https:\/\/www.guestplan.com\/kariera\/"},"modified":"2026-05-15T08:34:04","modified_gmt":"2026-05-15T08:34:04","slug":"kariera","status":"publish","type":"page","link":"https:\/\/www.guestplan.com\/sk\/kariera\/","title":{"rendered":"Kari\u00e9ra"},"content":{"rendered":"\t\t<div data-elementor-type=\"wp-page\" data-elementor-id=\"9226\" class=\"elementor elementor-9226 elementor-2457\" data-elementor-settings=\"{&quot;element_pack_global_tooltip_width&quot;:{&quot;unit&quot;:&quot;px&quot;,&quot;size&quot;:&quot;&quot;,&quot;sizes&quot;:[]},&quot;element_pack_global_tooltip_width_tablet&quot;:{&quot;unit&quot;:&quot;px&quot;,&quot;size&quot;:&quot;&quot;,&quot;sizes&quot;:[]},&quot;element_pack_global_tooltip_width_mobile&quot;:{&quot;unit&quot;:&quot;px&quot;,&quot;size&quot;:&quot;&quot;,&quot;sizes&quot;:[]},&quot;element_pack_global_tooltip_padding&quot;:{&quot;unit&quot;:&quot;px&quot;,&quot;top&quot;:&quot;&quot;,&quot;right&quot;:&quot;&quot;,&quot;bottom&quot;:&quot;&quot;,&quot;left&quot;:&quot;&quot;,&quot;isLinked&quot;:true},&quot;element_pack_global_tooltip_padding_tablet&quot;:{&quot;unit&quot;:&quot;px&quot;,&quot;top&quot;:&quot;&quot;,&quot;right&quot;:&quot;&quot;,&quot;bottom&quot;:&quot;&quot;,&quot;left&quot;:&quot;&quot;,&quot;isLinked&quot;:true},&quot;element_pack_global_tooltip_padding_mobile&quot;:{&quot;unit&quot;:&quot;px&quot;,&quot;top&quot;:&quot;&quot;,&quot;right&quot;:&quot;&quot;,&quot;bottom&quot;:&quot;&quot;,&quot;left&quot;:&quot;&quot;,&quot;isLinked&quot;:true},&quot;element_pack_global_tooltip_border_radius&quot;:{&quot;unit&quot;:&quot;px&quot;,&quot;top&quot;:&quot;&quot;,&quot;right&quot;:&quot;&quot;,&quot;bottom&quot;:&quot;&quot;,&quot;left&quot;:&quot;&quot;,&quot;isLinked&quot;:true},&quot;element_pack_global_tooltip_border_radius_tablet&quot;:{&quot;unit&quot;:&quot;px&quot;,&quot;top&quot;:&quot;&quot;,&quot;right&quot;:&quot;&quot;,&quot;bottom&quot;:&quot;&quot;,&quot;left&quot;:&quot;&quot;,&quot;isLinked&quot;:true},&quot;element_pack_global_tooltip_border_radius_mobile&quot;:{&quot;unit&quot;:&quot;px&quot;,&quot;top&quot;:&quot;&quot;,&quot;right&quot;:&quot;&quot;,&quot;bottom&quot;:&quot;&quot;,&quot;left&quot;:&quot;&quot;,&quot;isLinked&quot;:true}}\" data-elementor-post-type=\"page\">\n\t\t\t\t<div class=\"elementor-element elementor-element-81dd27f e-flex e-con-boxed e-con e-parent\" data-id=\"81dd27f\" data-element_type=\"container\">\n\t\t\t\t\t<div class=\"e-con-inner\">\n\t\t<div class=\"elementor-element elementor-element-89547fa e-con-full e-flex e-con e-child\" data-id=\"89547fa\" data-element_type=\"container\">\n\t\t\t\t<div class=\"elementor-element elementor-element-4573ca1 elementor-widget elementor-widget-heading\" data-id=\"4573ca1\" data-element_type=\"widget\" data-widget_type=\"heading.default\">\n\t\t\t\t<div class=\"elementor-widget-container\">\n\t\t\t\t\t<h1 class=\"elementor-heading-title elementor-size-default\">Kari\u00e9ra<\/h1>\t\t\t\t<\/div>\n\t\t\t\t<\/div>\n\t\t\t\t<div class=\"elementor-element elementor-element-c0000f1 elementor-widget elementor-widget-text-editor\" data-id=\"c0000f1\" data-element_type=\"widget\" data-widget_type=\"text-editor.default\">\n\t\t\t\t<div class=\"elementor-widget-container\">\n\t\t\t\t\t\t\t\t\t<p>N\u00e1\u0161 t\u00edm sa neust\u00e1le rozrast\u00e1 a h\u013ead\u00e1me t\u00fdch najlep\u0161\u00edch odborn\u00edkov v odbore. Ak ste v\u00e1\u0161niv\u00ed, cie\u013eavedom\u00ed a oddan\u00ed svojej pr\u00e1ci, pridajte sa k n\u00e1m a posu\u0148te svoju kari\u00e9ru na nov\u00fa \u00farove\u0148.  <\/p>\t\t\t\t\t\t\t\t<\/div>\n\t\t\t\t<\/div>\n\t\t\t\t<div class=\"elementor-element elementor-element-122e888 elementor-widget elementor-widget-spacer\" data-id=\"122e888\" data-element_type=\"widget\" data-widget_type=\"spacer.default\">\n\t\t\t\t<div class=\"elementor-widget-container\">\n\t\t\t\t\t\t\t<div class=\"elementor-spacer\">\n\t\t\t<div class=\"elementor-spacer-inner\"><\/div>\n\t\t<\/div>\n\t\t\t\t\t\t<\/div>\n\t\t\t\t<\/div>\n\t\t\t\t<\/div>\n\t\t\t\t\t<\/div>\n\t\t\t\t<\/div>\n\t\t<div class=\"elementor-element elementor-element-9536ef9 e-flex e-con-boxed e-con e-parent\" data-id=\"9536ef9\" data-element_type=\"container\">\n\t\t\t\t\t<div class=\"e-con-inner\">\n\t\t\t\t<div class=\"elementor-element elementor-element-5445757 elementor-widget elementor-widget-heading\" data-id=\"5445757\" data-element_type=\"widget\" data-widget_type=\"heading.default\">\n\t\t\t\t<div class=\"elementor-widget-container\">\n\t\t\t\t\t<h2 class=\"elementor-heading-title elementor-size-default\">H\u013ead\u00e1me nov\u00e9 talenty \ud83d\ude80<\/h2>\t\t\t\t<\/div>\n\t\t\t\t<\/div>\n\t\t\t\t\t<\/div>\n\t\t\t\t<\/div>\n\t\t<div class=\"elementor-element elementor-element-8f2f1f2 e-flex e-con-boxed e-con e-parent\" data-id=\"8f2f1f2\" data-element_type=\"container\">\n\t\t\t\t\t<div class=\"e-con-inner\">\n\t\t\t\t<div class=\"elementor-element elementor-element-ef4428e elementor-position-left elementor-vertical-align-middle bdt-icon-type-icon bdt-icon-effect-none elementor-widget elementor-widget-bdt-advanced-icon-box\" data-id=\"ef4428e\" data-element_type=\"widget\" data-widget_type=\"bdt-advanced-icon-box.default\">\n\t\t\t\t<div class=\"elementor-widget-container\">\n\t\t\t\t\t\t\t<div class=\"bdt-ep-advanced-icon-box\">\n\n\t\t\t\t\t\t\t\n\t\t\n\t\t\t\t\n\t\t\t<div class=\"bdt-ep-advanced-icon-box-content\">\n\n\t\t\t\t\t\t\t\t\t\n\t\t\t\t\t<h3 class=\"bdt-ep-advanced-icon-box-title ep-title-\">\n\t\t\t\t<span >\n\t\t\t\t\tMarketingov\u00fd \u0161pecialista\t\t\t\t<\/span>\n\t\t\t<\/h3>\n\t\t\n\n\t\t\n\t\t\t\t\t\n\t\t\t\t\n\t\t\t\t\n\t\t\t\t\t\t\t\t\t<a class=\"bdt-ep-advanced-icon-box-readmore bdt-display-inline-block\" href=\"#\" id=\"contact-us-activator\">\n\t\t\t\t\t\tPrihl\u00e1si\u0165 sa\n\t\t\t\t\t\t\t\t\t\t\t<\/a>\n\t\t\t\t\t\t\t<\/div>\n\t\t<\/div>\n\n\t\t\n\t\t\t\t\t<div class=\"bdt-ep-advanced-icon-box-badge bdt-position-top-right\">\n\t\t\t\t<span class=\"bdt-badge bdt-padding-small\">Amsterdam<\/span>\n\t\t\t<\/div>\n\t\t\n\t\t\t\t<\/div>\n\t\t\t\t<\/div>\n\t\t\t\t<div class=\"elementor-element elementor-element-c3e5e01 elementor-position-left elementor-vertical-align-middle bdt-icon-type-icon bdt-icon-effect-none elementor-widget elementor-widget-bdt-advanced-icon-box\" data-id=\"c3e5e01\" data-element_type=\"widget\" data-widget_type=\"bdt-advanced-icon-box.default\">\n\t\t\t\t<div class=\"elementor-widget-container\">\n\t\t\t\t\t\t\t<div class=\"bdt-ep-advanced-icon-box\">\n\n\t\t\t\t\t\t\t\n\t\t\n\t\t\t\t\n\t\t\t<div class=\"bdt-ep-advanced-icon-box-content\">\n\n\t\t\t\t\t\t\t\t\t\n\t\t\t\t\t<h3 class=\"bdt-ep-advanced-icon-box-title ep-title-\">\n\t\t\t\t<span >\n\t\t\t\t\tCountry Manager pre \u0160panielsko\t\t\t\t<\/span>\n\t\t\t<\/h3>\n\t\t\n\n\t\t\n\t\t\t\t\t\n\t\t\t\t\n\t\t\t\t\n\t\t\t\t\t\t\t\t\t<a class=\"bdt-ep-advanced-icon-box-readmore bdt-display-inline-block\" href=\"#\" id=\"contact-us-activator\">\n\t\t\t\t\t\tPrihl\u00e1si\u0165 sa\n\t\t\t\t\t\t\t\t\t\t\t<\/a>\n\t\t\t\t\t\t\t<\/div>\n\t\t<\/div>\n\n\t\t\n\t\t\n\t\t\t\t<\/div>\n\t\t\t\t<\/div>\n\t\t\t\t<div class=\"elementor-element elementor-element-ce4538f elementor-widget elementor-widget-text-editor\" data-id=\"ce4538f\" data-element_type=\"widget\" data-widget_type=\"text-editor.default\">\n\t\t\t\t<div class=\"elementor-widget-container\">\n\t\t\t\t\t\t\t\t\t<p style=\"text-align: center;\">Nena\u0161li ste vhodn\u00fa poz\u00edciu? Prezrite si na\u0161e ponuky na port\u00e1li <a href=\"https:\/\/nl.indeed.com\/jobs?q=&amp;l=guestplan\" target=\"_blank\" rel=\"noopener\">Indeed<\/a> \u2013 v\u017edy h\u013ead\u00e1me skvel\u00fdch \u013eud\u00ed. <\/p>\t\t\t\t\t\t\t\t<\/div>\n\t\t\t\t<\/div>\n\t\t\t\t\t<\/div>\n\t\t\t\t<\/div>\n\t\t\t\t<\/div>\n\t\t","protected":false},"excerpt":{"rendered":"<p>Kari\u00e9ra N\u00e1\u0161 t\u00edm sa neust\u00e1le rozrast\u00e1 a h\u013ead\u00e1me t\u00fdch najlep\u0161\u00edch odborn\u00edkov v odbore. Ak ste v\u00e1\u0161niv\u00ed, cie\u013eavedom\u00ed a oddan\u00ed svojej pr\u00e1ci, pridajte [&hellip;]<\/p>\n","protected":false},"author":1,"featured_media":0,"parent":0,"menu_order":0,"comment_status":"closed","ping_status":"closed","template":"elementor_header_footer","meta":{"inline_featured_image":false,"footnotes":""},"class_list":["post-9226","page","type-page","status-publish","hentry"],"_links":{"self":[{"href":"https:\/\/www.guestplan.com\/sk\/wp-json\/wp\/v2\/pages\/9226","targetHints":{"allow":["GET"]}}],"collection":[{"href":"https:\/\/www.guestplan.com\/sk\/wp-json\/wp\/v2\/pages"}],"about":[{"href":"https:\/\/www.guestplan.com\/sk\/wp-json\/wp\/v2\/types\/page"}],"author":[{"embeddable":true,"href":"https:\/\/www.guestplan.com\/sk\/wp-json\/wp\/v2\/users\/1"}],"replies":[{"embeddable":true,"href":"https:\/\/www.guestplan.com\/sk\/wp-json\/wp\/v2\/comments?post=9226"}],"version-history":[{"count":12,"href":"https:\/\/www.guestplan.com\/sk\/wp-json\/wp\/v2\/pages\/9226\/revisions"}],"predecessor-version":[{"id":12977,"href":"https:\/\/www.guestplan.com\/sk\/wp-json\/wp\/v2\/pages\/9226\/revisions\/12977"}],"wp:attachment":[{"href":"https:\/\/www.guestplan.com\/sk\/wp-json\/wp\/v2\/media?parent=9226"}],"curies":[{"name":"wp","href":"https:\/\/api.w.org\/{rel}","templated":true}]}}